{"id":25787,"date":"2024-04-04T14:48:34","date_gmt":"2024-04-04T18:48:34","guid":{"rendered":"https:\/\/staywelltherapy.us\/?page_id=25787"},"modified":"2025-04-02T14:58:49","modified_gmt":"2025-04-02T18:58:49","slug":"cual-es-la-filosofia-de-tratamiento-de-atiempo-terapia","status":"publish","type":"page","link":"https:\/\/staywelltherapy.us\/en\/cual-es-la-filosofia-de-tratamiento-de-atiempo-terapia\/","title":{"rendered":"\u00bfCu\u00e1l es la filosof\u00eda de tratamiento de Stay Well?"},"content":{"rendered":"<div data-elementor-type=\"wp-page\" data-elementor-id=\"25787\" class=\"elementor elementor-25787\" data-elementor-post-type=\"page\">\n\t\t\t\t<div class=\"elementor-element elementor-element-84aee4e e-con-full e-flex e-con e-parent\" data-id=\"84aee4e\" data-element_type=\"container\" data-settings=\"{&quot;background_background&quot;:&quot;classic&quot;}\">\n\t\t\t\t<\/div>\n\t\t<div class=\"elementor-element elementor-element-8d65891 e-con-full e-flex e-con e-parent\" data-id=\"8d65891\" data-element_type=\"container\">\n\t\t<div class=\"elementor-element elementor-element-24a719b e-con-full e-flex e-con e-child\" data-id=\"24a719b\" data-element_type=\"container\">\n\t\t\t\t<div class=\"elementor-element elementor-element-d14fc6f elementor-widget elementor-widget-text-editor\" data-id=\"d14fc6f\" data-element_type=\"widget\" data-widget_type=\"text-editor.default\">\n\t\t\t\t<div class=\"elementor-widget-container\">\n\t\t\t\t\t\t\t\t\t<p>Nuestra filosof\u00eda de tratamiento se basa en proporcionar un espacio seguro, compasivo y libre de juicios donde nuestros clientes puedan explorar sus desaf\u00edos emocionales y trabajar hacia el crecimiento personal y el bienestar. Utilizamos enfoques terap\u00e9uticos basados en la evidencia y personalizados para satisfacer las necesidades \u00fanicas de cada individuo o familia.<\/p>\t\t\t\t\t\t\t\t<\/div>\n\t\t\t\t<\/div>\n\t\t\t\t<\/div>\n\t\t\t\t<\/div>\n\t\t\t\t<\/div>","protected":false},"excerpt":{"rendered":"<p>Nuestra filosof\u00eda de tratamiento se basa en proporcionar un espacio seguro, compasivo y libre de juicios donde nuestros clientes puedan explorar sus desaf\u00edos emocionales y trabajar hacia el crecimiento personal y el bienestar. Utilizamos enfoques terap\u00e9uticos basados en la evidencia y personalizados para satisfacer las necesidades \u00fanicas de cada individuo o familia.<\/p>","protected":false},"author":8,"featured_media":0,"parent":0,"menu_order":0,"comment_status":"closed","ping_status":"closed","template":"elementor_header_footer","meta":{"_joinchat":[],"footnotes":""},"class_list":["post-25787","page","type-page","status-publish","hentry"],"yoast_head":"<!-- This site is optimized with the Yoast SEO plugin v25.3 - https:\/\/yoast.com\/wordpress\/plugins\/seo\/ -->\n<title>\u00bfCu\u00e1l es la filosof\u00eda de tratamiento de Stay Well? - Stay Well<\/title>\n<meta name=\"robots\" content=\"index, follow, max-snippet:-1, max-image-preview:large, max-video-preview:-1\" \/>\n<link rel=\"canonical\" href=\"https:\/\/staywelltherapy.us\/en\/cual-es-la-filosofia-de-tratamiento-de-atiempo-terapia\/\" \/>\n<meta property=\"og:locale\" content=\"en_US\" \/>\n<meta property=\"og:type\" content=\"article\" \/>\n<meta property=\"og:title\" content=\"\u00bfCu\u00e1l es la filosof\u00eda de tratamiento de Stay Well? - Stay Well\" \/>\n<meta property=\"og:description\" content=\"Nuestra filosof\u00eda de tratamiento se basa en proporcionar un espacio seguro, compasivo y libre de juicios donde nuestros clientes puedan explorar sus desaf\u00edos emocionales y trabajar hacia el crecimiento personal y el bienestar. Utilizamos enfoques terap\u00e9uticos basados en la evidencia y personalizados para satisfacer las necesidades \u00fanicas de cada individuo o familia.\" \/>\n<meta property=\"og:url\" content=\"https:\/\/staywelltherapy.us\/en\/cual-es-la-filosofia-de-tratamiento-de-atiempo-terapia\/\" \/>\n<meta property=\"og:site_name\" content=\"Stay Well\" \/>\n<meta property=\"article:modified_time\" content=\"2025-04-02T18:58:49+00:00\" \/>\n<meta name=\"twitter:card\" content=\"summary_large_image\" \/>\n<meta name=\"twitter:label1\" content=\"Est. reading time\" \/>\n\t<meta name=\"twitter:data1\" content=\"1 minute\" \/>\n<script type=\"application\/ld+json\" class=\"yoast-schema-graph\">{\"@context\":\"https:\/\/schema.org\",\"@graph\":[{\"@type\":\"WebPage\",\"@id\":\"https:\/\/staywelltherapy.us\/cual-es-la-filosofia-de-tratamiento-de-atiempo-terapia\/\",\"url\":\"https:\/\/staywelltherapy.us\/cual-es-la-filosofia-de-tratamiento-de-atiempo-terapia\/\",\"name\":\"\u00bfCu\u00e1l es la filosof\u00eda de tratamiento de Stay Well? - Stay Well\",\"isPartOf\":{\"@id\":\"https:\/\/staywelltherapy.us\/#website\"},\"datePublished\":\"2024-04-04T18:48:34+00:00\",\"dateModified\":\"2025-04-02T18:58:49+00:00\",\"breadcrumb\":{\"@id\":\"https:\/\/staywelltherapy.us\/cual-es-la-filosofia-de-tratamiento-de-atiempo-terapia\/#breadcrumb\"},\"inLanguage\":\"en-US\",\"potentialAction\":[{\"@type\":\"ReadAction\",\"target\":[\"https:\/\/staywelltherapy.us\/cual-es-la-filosofia-de-tratamiento-de-atiempo-terapia\/\"]}]},{\"@type\":\"BreadcrumbList\",\"@id\":\"https:\/\/staywelltherapy.us\/cual-es-la-filosofia-de-tratamiento-de-atiempo-terapia\/#breadcrumb\",\"itemListElement\":[{\"@type\":\"ListItem\",\"position\":1,\"name\":\"Portada\",\"item\":\"https:\/\/staywelltherapy.us\/\"},{\"@type\":\"ListItem\",\"position\":2,\"name\":\"\u00bfCu\u00e1l es la filosof\u00eda de tratamiento de Stay Well?\"}]},{\"@type\":\"WebSite\",\"@id\":\"https:\/\/staywelltherapy.us\/#website\",\"url\":\"https:\/\/staywelltherapy.us\/\",\"name\":\"Stay Well\",\"description\":\"Online Therapy\",\"publisher\":{\"@id\":\"https:\/\/staywelltherapy.us\/#organization\"},\"potentialAction\":[{\"@type\":\"SearchAction\",\"target\":{\"@type\":\"EntryPoint\",\"urlTemplate\":\"https:\/\/staywelltherapy.us\/?s={search_term_string}\"},\"query-input\":{\"@type\":\"PropertyValueSpecification\",\"valueRequired\":true,\"valueName\":\"search_term_string\"}}],\"inLanguage\":\"en-US\"},{\"@type\":\"Organization\",\"@id\":\"https:\/\/staywelltherapy.us\/#organization\",\"name\":\"Stay Well\",\"url\":\"https:\/\/staywelltherapy.us\/\",\"logo\":{\"@type\":\"ImageObject\",\"inLanguage\":\"en-US\",\"@id\":\"https:\/\/staywelltherapy.us\/#\/schema\/logo\/image\/\",\"url\":\"https:\/\/staywelltherapy.us\/wp-content\/uploads\/2024\/10\/cropped-Stay-well-web_Mesa-de-trabajo-1.png\",\"contentUrl\":\"https:\/\/staywelltherapy.us\/wp-content\/uploads\/2024\/10\/cropped-Stay-well-web_Mesa-de-trabajo-1.png\",\"width\":5000,\"height\":2063,\"caption\":\"Stay Well\"},\"image\":{\"@id\":\"https:\/\/staywelltherapy.us\/#\/schema\/logo\/image\/\"}}]}<\/script>\n<!-- \/ Yoast SEO plugin. -->","yoast_head_json":{"title":"\u00bfCu\u00e1l es la filosof\u00eda de tratamiento de Stay Well? - Stay Well","robots":{"index":"index","follow":"follow","max-snippet":"max-snippet:-1","max-image-preview":"max-image-preview:large","max-video-preview":"max-video-preview:-1"},"canonical":"https:\/\/staywelltherapy.us\/en\/cual-es-la-filosofia-de-tratamiento-de-atiempo-terapia\/","og_locale":"en_US","og_type":"article","og_title":"\u00bfCu\u00e1l es la filosof\u00eda de tratamiento de Stay Well? - Stay Well","og_description":"Nuestra filosof\u00eda de tratamiento se basa en proporcionar un espacio seguro, compasivo y libre de juicios donde nuestros clientes puedan explorar sus desaf\u00edos emocionales y trabajar hacia el crecimiento personal y el bienestar. Utilizamos enfoques terap\u00e9uticos basados en la evidencia y personalizados para satisfacer las necesidades \u00fanicas de cada individuo o familia.","og_url":"https:\/\/staywelltherapy.us\/en\/cual-es-la-filosofia-de-tratamiento-de-atiempo-terapia\/","og_site_name":"Stay Well","article_modified_time":"2025-04-02T18:58:49+00:00","twitter_card":"summary_large_image","twitter_misc":{"Est. reading time":"1 minute"},"schema":{"@context":"https:\/\/schema.org","@graph":[{"@type":"WebPage","@id":"https:\/\/staywelltherapy.us\/cual-es-la-filosofia-de-tratamiento-de-atiempo-terapia\/","url":"https:\/\/staywelltherapy.us\/cual-es-la-filosofia-de-tratamiento-de-atiempo-terapia\/","name":"\u00bfCu\u00e1l es la filosof\u00eda de tratamiento de Stay Well? - Stay Well","isPartOf":{"@id":"https:\/\/staywelltherapy.us\/#website"},"datePublished":"2024-04-04T18:48:34+00:00","dateModified":"2025-04-02T18:58:49+00:00","breadcrumb":{"@id":"https:\/\/staywelltherapy.us\/cual-es-la-filosofia-de-tratamiento-de-atiempo-terapia\/#breadcrumb"},"inLanguage":"en-US","potentialAction":[{"@type":"ReadAction","target":["https:\/\/staywelltherapy.us\/cual-es-la-filosofia-de-tratamiento-de-atiempo-terapia\/"]}]},{"@type":"BreadcrumbList","@id":"https:\/\/staywelltherapy.us\/cual-es-la-filosofia-de-tratamiento-de-atiempo-terapia\/#breadcrumb","itemListElement":[{"@type":"ListItem","position":1,"name":"Portada","item":"https:\/\/staywelltherapy.us\/"},{"@type":"ListItem","position":2,"name":"\u00bfCu\u00e1l es la filosof\u00eda de tratamiento de Stay Well?"}]},{"@type":"WebSite","@id":"https:\/\/staywelltherapy.us\/#website","url":"https:\/\/staywelltherapy.us\/","name":"Stay Well","description":"Online Therapy","publisher":{"@id":"https:\/\/staywelltherapy.us\/#organization"},"potentialAction":[{"@type":"SearchAction","target":{"@type":"EntryPoint","urlTemplate":"https:\/\/staywelltherapy.us\/?s={search_term_string}"},"query-input":{"@type":"PropertyValueSpecification","valueRequired":true,"valueName":"search_term_string"}}],"inLanguage":"en-US"},{"@type":"Organization","@id":"https:\/\/staywelltherapy.us\/#organization","name":"Stay Well","url":"https:\/\/staywelltherapy.us\/","logo":{"@type":"ImageObject","inLanguage":"en-US","@id":"https:\/\/staywelltherapy.us\/#\/schema\/logo\/image\/","url":"https:\/\/staywelltherapy.us\/wp-content\/uploads\/2024\/10\/cropped-Stay-well-web_Mesa-de-trabajo-1.png","contentUrl":"https:\/\/staywelltherapy.us\/wp-content\/uploads\/2024\/10\/cropped-Stay-well-web_Mesa-de-trabajo-1.png","width":5000,"height":2063,"caption":"Stay Well"},"image":{"@id":"https:\/\/staywelltherapy.us\/#\/schema\/logo\/image\/"}}]}},"_links":{"self":[{"href":"https:\/\/staywelltherapy.us\/en\/wp-json\/wp\/v2\/pages\/25787","targetHints":{"allow":["GET"]}}],"collection":[{"href":"https:\/\/staywelltherapy.us\/en\/wp-json\/wp\/v2\/pages"}],"about":[{"href":"https:\/\/staywelltherapy.us\/en\/wp-json\/wp\/v2\/types\/page"}],"author":[{"embeddable":true,"href":"https:\/\/staywelltherapy.us\/en\/wp-json\/wp\/v2\/users\/8"}],"replies":[{"embeddable":true,"href":"https:\/\/staywelltherapy.us\/en\/wp-json\/wp\/v2\/comments?post=25787"}],"version-history":[{"count":9,"href":"https:\/\/staywelltherapy.us\/en\/wp-json\/wp\/v2\/pages\/25787\/revisions"}],"predecessor-version":[{"id":27366,"href":"https:\/\/staywelltherapy.us\/en\/wp-json\/wp\/v2\/pages\/25787\/revisions\/27366"}],"wp:attachment":[{"href":"https:\/\/staywelltherapy.us\/en\/wp-json\/wp\/v2\/media?parent=25787"}],"curies":[{"name":"wp","href":"https:\/\/api.w.org\/{rel}","templated":true}]}}