{"id":25794,"date":"2024-04-04T14:45:26","date_gmt":"2024-04-04T18:45:26","guid":{"rendered":"https:\/\/staywelltherapy.us\/?page_id=25794"},"modified":"2024-12-12T12:40:44","modified_gmt":"2024-12-12T16:40:44","slug":"cuantas-personas-pueden-entrar-a-la-misma-sesion","status":"publish","type":"page","link":"https:\/\/staywelltherapy.us\/en\/cuantas-personas-pueden-entrar-a-la-misma-sesion\/","title":{"rendered":"\u00bfCu\u00e1ntas personas pueden entrar a la misma sesi\u00f3n?"},"content":{"rendered":"<div data-elementor-type=\"wp-page\" data-elementor-id=\"25794\" class=\"elementor elementor-25794\" data-elementor-post-type=\"page\">\n\t\t\t\t<div class=\"elementor-element elementor-element-84aee4e e-con-full e-flex e-con e-parent\" data-id=\"84aee4e\" data-element_type=\"container\" data-settings=\"{&quot;background_background&quot;:&quot;classic&quot;}\">\n\t\t\t\t<\/div>\n\t\t<div class=\"elementor-element elementor-element-8d65891 e-con-full e-flex e-con e-parent\" data-id=\"8d65891\" data-element_type=\"container\">\n\t\t<div class=\"elementor-element elementor-element-24a719b e-con-full e-flex e-con e-child\" data-id=\"24a719b\" data-element_type=\"container\">\n\t\t\t\t<div class=\"elementor-element elementor-element-d14fc6f elementor-widget elementor-widget-text-editor\" data-id=\"d14fc6f\" data-element_type=\"widget\" data-widget_type=\"text-editor.default\">\n\t\t\t\t<div class=\"elementor-widget-container\">\n\t\t\t\t\t\t\t\t\t<p>Una sesi\u00f3n personalizada es para una sola persona.<\/p>\t\t\t\t\t\t\t\t<\/div>\n\t\t\t\t<\/div>\n\t\t\t\t<\/div>\n\t\t\t\t<\/div>\n\t\t\t\t<\/div>","protected":false},"excerpt":{"rendered":"<p>Una sesi\u00f3n personalizada es para una sola persona.<\/p>","protected":false},"author":8,"featured_media":0,"parent":0,"menu_order":0,"comment_status":"closed","ping_status":"closed","template":"elementor_header_footer","meta":{"_joinchat":[],"footnotes":""},"class_list":["post-25794","page","type-page","status-publish","hentry"],"yoast_head":"<!-- This site is optimized with the Yoast SEO plugin v25.3 - https:\/\/yoast.com\/wordpress\/plugins\/seo\/ -->\n<title>\u00bfCu\u00e1ntas personas pueden entrar a la misma sesi\u00f3n? - Stay Well<\/title>\n<meta name=\"robots\" content=\"index, follow, max-snippet:-1, max-image-preview:large, max-video-preview:-1\" \/>\n<link rel=\"canonical\" href=\"https:\/\/staywelltherapy.us\/en\/cuantas-personas-pueden-entrar-a-la-misma-sesion\/\" \/>\n<meta property=\"og:locale\" content=\"en_US\" \/>\n<meta property=\"og:type\" content=\"article\" \/>\n<meta property=\"og:title\" content=\"\u00bfCu\u00e1ntas personas pueden entrar a la misma sesi\u00f3n? - Stay Well\" \/>\n<meta property=\"og:description\" content=\"Una sesi\u00f3n personalizada es para una sola persona.\" \/>\n<meta property=\"og:url\" content=\"https:\/\/staywelltherapy.us\/en\/cuantas-personas-pueden-entrar-a-la-misma-sesion\/\" \/>\n<meta property=\"og:site_name\" content=\"Stay Well\" \/>\n<meta property=\"article:modified_time\" content=\"2024-12-12T16:40:44+00:00\" \/>\n<meta name=\"twitter:card\" content=\"summary_large_image\" \/>\n<script type=\"application\/ld+json\" class=\"yoast-schema-graph\">{\"@context\":\"https:\/\/schema.org\",\"@graph\":[{\"@type\":\"WebPage\",\"@id\":\"https:\/\/staywelltherapy.us\/cuantas-personas-pueden-entrar-a-la-misma-sesion\/\",\"url\":\"https:\/\/staywelltherapy.us\/cuantas-personas-pueden-entrar-a-la-misma-sesion\/\",\"name\":\"\u00bfCu\u00e1ntas personas pueden entrar a la misma sesi\u00f3n? - Stay Well\",\"isPartOf\":{\"@id\":\"https:\/\/staywelltherapy.us\/#website\"},\"datePublished\":\"2024-04-04T18:45:26+00:00\",\"dateModified\":\"2024-12-12T16:40:44+00:00\",\"breadcrumb\":{\"@id\":\"https:\/\/staywelltherapy.us\/cuantas-personas-pueden-entrar-a-la-misma-sesion\/#breadcrumb\"},\"inLanguage\":\"en-US\",\"potentialAction\":[{\"@type\":\"ReadAction\",\"target\":[\"https:\/\/staywelltherapy.us\/cuantas-personas-pueden-entrar-a-la-misma-sesion\/\"]}]},{\"@type\":\"BreadcrumbList\",\"@id\":\"https:\/\/staywelltherapy.us\/cuantas-personas-pueden-entrar-a-la-misma-sesion\/#breadcrumb\",\"itemListElement\":[{\"@type\":\"ListItem\",\"position\":1,\"name\":\"Portada\",\"item\":\"https:\/\/staywelltherapy.us\/\"},{\"@type\":\"ListItem\",\"position\":2,\"name\":\"\u00bfCu\u00e1ntas personas pueden entrar a la misma sesi\u00f3n?\"}]},{\"@type\":\"WebSite\",\"@id\":\"https:\/\/staywelltherapy.us\/#website\",\"url\":\"https:\/\/staywelltherapy.us\/\",\"name\":\"Stay Well\",\"description\":\"Online Therapy\",\"publisher\":{\"@id\":\"https:\/\/staywelltherapy.us\/#organization\"},\"potentialAction\":[{\"@type\":\"SearchAction\",\"target\":{\"@type\":\"EntryPoint\",\"urlTemplate\":\"https:\/\/staywelltherapy.us\/?s={search_term_string}\"},\"query-input\":{\"@type\":\"PropertyValueSpecification\",\"valueRequired\":true,\"valueName\":\"search_term_string\"}}],\"inLanguage\":\"en-US\"},{\"@type\":\"Organization\",\"@id\":\"https:\/\/staywelltherapy.us\/#organization\",\"name\":\"Stay Well\",\"url\":\"https:\/\/staywelltherapy.us\/\",\"logo\":{\"@type\":\"ImageObject\",\"inLanguage\":\"en-US\",\"@id\":\"https:\/\/staywelltherapy.us\/#\/schema\/logo\/image\/\",\"url\":\"https:\/\/staywelltherapy.us\/wp-content\/uploads\/2024\/10\/cropped-Stay-well-web_Mesa-de-trabajo-1.png\",\"contentUrl\":\"https:\/\/staywelltherapy.us\/wp-content\/uploads\/2024\/10\/cropped-Stay-well-web_Mesa-de-trabajo-1.png\",\"width\":5000,\"height\":2063,\"caption\":\"Stay Well\"},\"image\":{\"@id\":\"https:\/\/staywelltherapy.us\/#\/schema\/logo\/image\/\"}}]}<\/script>\n<!-- \/ Yoast SEO plugin. -->","yoast_head_json":{"title":"\u00bfCu\u00e1ntas personas pueden entrar a la misma sesi\u00f3n? - Stay Well","robots":{"index":"index","follow":"follow","max-snippet":"max-snippet:-1","max-image-preview":"max-image-preview:large","max-video-preview":"max-video-preview:-1"},"canonical":"https:\/\/staywelltherapy.us\/en\/cuantas-personas-pueden-entrar-a-la-misma-sesion\/","og_locale":"en_US","og_type":"article","og_title":"\u00bfCu\u00e1ntas personas pueden entrar a la misma sesi\u00f3n? - Stay Well","og_description":"Una sesi\u00f3n personalizada es para una sola persona.","og_url":"https:\/\/staywelltherapy.us\/en\/cuantas-personas-pueden-entrar-a-la-misma-sesion\/","og_site_name":"Stay Well","article_modified_time":"2024-12-12T16:40:44+00:00","twitter_card":"summary_large_image","schema":{"@context":"https:\/\/schema.org","@graph":[{"@type":"WebPage","@id":"https:\/\/staywelltherapy.us\/cuantas-personas-pueden-entrar-a-la-misma-sesion\/","url":"https:\/\/staywelltherapy.us\/cuantas-personas-pueden-entrar-a-la-misma-sesion\/","name":"\u00bfCu\u00e1ntas personas pueden entrar a la misma sesi\u00f3n? - Stay Well","isPartOf":{"@id":"https:\/\/staywelltherapy.us\/#website"},"datePublished":"2024-04-04T18:45:26+00:00","dateModified":"2024-12-12T16:40:44+00:00","breadcrumb":{"@id":"https:\/\/staywelltherapy.us\/cuantas-personas-pueden-entrar-a-la-misma-sesion\/#breadcrumb"},"inLanguage":"en-US","potentialAction":[{"@type":"ReadAction","target":["https:\/\/staywelltherapy.us\/cuantas-personas-pueden-entrar-a-la-misma-sesion\/"]}]},{"@type":"BreadcrumbList","@id":"https:\/\/staywelltherapy.us\/cuantas-personas-pueden-entrar-a-la-misma-sesion\/#breadcrumb","itemListElement":[{"@type":"ListItem","position":1,"name":"Portada","item":"https:\/\/staywelltherapy.us\/"},{"@type":"ListItem","position":2,"name":"\u00bfCu\u00e1ntas personas pueden entrar a la misma sesi\u00f3n?"}]},{"@type":"WebSite","@id":"https:\/\/staywelltherapy.us\/#website","url":"https:\/\/staywelltherapy.us\/","name":"Stay Well","description":"Online Therapy","publisher":{"@id":"https:\/\/staywelltherapy.us\/#organization"},"potentialAction":[{"@type":"SearchAction","target":{"@type":"EntryPoint","urlTemplate":"https:\/\/staywelltherapy.us\/?s={search_term_string}"},"query-input":{"@type":"PropertyValueSpecification","valueRequired":true,"valueName":"search_term_string"}}],"inLanguage":"en-US"},{"@type":"Organization","@id":"https:\/\/staywelltherapy.us\/#organization","name":"Stay Well","url":"https:\/\/staywelltherapy.us\/","logo":{"@type":"ImageObject","inLanguage":"en-US","@id":"https:\/\/staywelltherapy.us\/#\/schema\/logo\/image\/","url":"https:\/\/staywelltherapy.us\/wp-content\/uploads\/2024\/10\/cropped-Stay-well-web_Mesa-de-trabajo-1.png","contentUrl":"https:\/\/staywelltherapy.us\/wp-content\/uploads\/2024\/10\/cropped-Stay-well-web_Mesa-de-trabajo-1.png","width":5000,"height":2063,"caption":"Stay Well"},"image":{"@id":"https:\/\/staywelltherapy.us\/#\/schema\/logo\/image\/"}}]}},"_links":{"self":[{"href":"https:\/\/staywelltherapy.us\/en\/wp-json\/wp\/v2\/pages\/25794","targetHints":{"allow":["GET"]}}],"collection":[{"href":"https:\/\/staywelltherapy.us\/en\/wp-json\/wp\/v2\/pages"}],"about":[{"href":"https:\/\/staywelltherapy.us\/en\/wp-json\/wp\/v2\/types\/page"}],"author":[{"embeddable":true,"href":"https:\/\/staywelltherapy.us\/en\/wp-json\/wp\/v2\/users\/8"}],"replies":[{"embeddable":true,"href":"https:\/\/staywelltherapy.us\/en\/wp-json\/wp\/v2\/comments?post=25794"}],"version-history":[{"count":10,"href":"https:\/\/staywelltherapy.us\/en\/wp-json\/wp\/v2\/pages\/25794\/revisions"}],"predecessor-version":[{"id":26548,"href":"https:\/\/staywelltherapy.us\/en\/wp-json\/wp\/v2\/pages\/25794\/revisions\/26548"}],"wp:attachment":[{"href":"https:\/\/staywelltherapy.us\/en\/wp-json\/wp\/v2\/media?parent=25794"}],"curies":[{"name":"wp","href":"https:\/\/api.w.org\/{rel}","templated":true}]}}